{"id":362,"date":"2021-08-17T17:03:43","date_gmt":"2021-08-17T17:03:43","guid":{"rendered":"https:\/\/demo.athemes.com\/botiga\/?page_id=362"},"modified":"2026-02-10T18:52:23","modified_gmt":"2026-02-10T18:52:23","slug":"home-2","status":"publish","type":"page","link":"https:\/\/energycandle.tsu.dev.br\/","title":{"rendered":"Home"},"content":{"rendered":"\n<div id=\"athemes-blocks-block-3b4f7841\" class=\"wp-block-athemes-athemes-blocks-block-container athemes-blocks-block athemes-blocks-block-3b4f7841 athemes-blocks-block-container alignfull\"><div class=\"athemes-blocks-block-container-wrapper athemes-blocks-block-container-bg-cover athemes-blocks-block-container-bg-effect-scroll\"><img class=\"athemes-blocks-background-image\" width=\"1920\" height=\"1185\" srcset=\"https:\/\/energycandle.tsu.dev.br\/wp-content\/uploads\/2026\/02\/cropped-cropped-Header-150x150.jpeg 150w, https:\/\/energycandle.tsu.dev.br\/wp-content\/uploads\/2026\/02\/cropped-cropped-Header-300x185.jpeg 300w, https:\/\/energycandle.tsu.dev.br\/wp-content\/uploads\/2026\/02\/cropped-cropped-Header-1024x632.jpeg 1024w, https:\/\/energycandle.tsu.dev.br\/wp-content\/uploads\/2026\/02\/cropped-cropped-Header.jpeg 1920w, \" sizes=\"(max-width: 1920px) 100vw, 1920px\" alt=\"\"\/><div class=\"athemes-blocks-block-container-wrapper-content\">\n<div class=\"wp-block-columns is-layout-flex wp-container-core-columns-is-layout-28f84493 wp-block-columns-is-layout-flex\">\n<div class=\"wp-block-column is-layout-flow wp-block-column-is-layout-flow\" style=\"flex-basis:66.66%\">\n<h1 class=\"wp-block-heading alignwide has-color-5-color has-text-color has-link-color has-gigantic-font-size wp-elements-a12c9103fc03e59b0693c50f82c6bb9d\" style=\"margin-top:0;margin-right:0;margin-bottom:0;margin-left:0\"><strong><font dir=\"auto\" style=\"vertical-align: inherit;\"><font dir=\"auto\" style=\"vertical-align: inherit;\">ENERGIA, aromas que encantam<\/font><\/font><\/strong><\/h1>\n\n\n\n<div class=\"wp-block-buttons is-layout-flex wp-block-buttons-is-layout-flex\">\n<div class=\"wp-block-button\"><a class=\"wp-block-button__link wp-element-button\" href=\"https:\/\/demo.athemes.com\/botiga\/shop\/\">COMPRAR AGORA<\/a><\/div>\n<\/div>\n<\/div>\n<\/div>\n<\/div><\/div><\/div>\n\n\n\n<div style=\"height:100px\" aria-hidden=\"true\" class=\"wp-block-spacer\"><\/div>\n\n\n\n<h3 class=\"wp-block-heading has-text-align-center\"><font dir=\"auto\" style=\"vertical-align: inherit;\"><font dir=\"auto\" style=\"vertical-align: inherit;\">Produtos em destaque<\/font><\/font><\/h3>\n\n\n\n<p class=\"has-text-align-center\"><font dir=\"auto\" style=\"vertical-align: inherit;\"><font dir=\"auto\" style=\"vertical-align: inherit;\"><strong><font dir=\"auto\" style=\"vertical-align: inherit;\"><font dir=\"auto\" style=\"vertical-align: inherit;\">Encontre os melhores produtos que acompanham seu momento.<\/font><\/font><\/strong><\/font><\/font><\/p>\n\n\n<div data-block-name=\"woocommerce\/product-new\" data-content-visibility=\"{&quot;title&quot;:true,&quot;price&quot;:true,&quot;rating&quot;:false,&quot;button&quot;:true}\" data-rows=\"1\" data-stock-status=\"[&quot;&quot;,&quot;&quot;,&quot;instock&quot;,&quot;outofstock&quot;,&quot;onbackorder&quot;]\" class=\"wc-block-grid wp-block-product-new wp-block-woocommerce-product-new wc-block-product-new has-3-columns\"><ul class=\"wc-block-grid__products\"><li class=\"wc-block-grid__product product-grid \">\n\t\t\t\t<div class=\"loop-image-wrap botiga-add-to-cart-button-layout2 botiga-quick-view-button-layout2\">\n\t\t\t\t\t<a href=\"https:\/\/energycandle.tsu.dev.br\/?product=difusor-100-ml\" class=\"wc-block-grid__product-link\" title=\"Add to cart\">\n\t\t\t\t\t\t<div class=\"wc-block-grid__product-image\"><img loading=\"lazy\" decoding=\"async\" width=\"420\" height=\"383\" src=\"https:\/\/energycandle.tsu.dev.br\/wp-content\/uploads\/2026\/02\/Difusor-e1770667226533-420x383.jpeg\" class=\"attachment-woocommerce_thumbnail size-woocommerce_thumbnail\" alt=\"Difusor de Ambientes\" \/><\/div>\n\t\t\t\t\t<\/a>\n\t<a href=\"#\" class=\"button botiga-quick-view-show-on-hover botiga-quick-view botiga-quick-view-layout2\" aria-label=\"Quick view the Difusor 100 ml product\" data-product-id=\"445\" data-nonce=\"c40d5411cb\">\n\t\tQuick View\t<\/a>\n\t<\/div><a href=\"https:\/\/energycandle.tsu.dev.br\/?product=difusor-100-ml\" class=\"wc-block-grid__product-link\">\n\t\t\t\t\t<div class=\"wc-block-grid__product-title\">Difusor 100 ml<\/div>\n\t\t\t\t<\/a><div class=\"wc-block-grid__product-price price\"><span class=\"woocommerce-Price-amount amount\"><span class=\"woocommerce-Price-currencySymbol\">&#082;&#036;<\/span>&nbsp;50,00<\/span><\/div><div class=\"wp-block-button wc-block-grid__product-add-to-cart\"><div class=\"loop-button-wrap button-width-auto button-layout2 \"><a href=\"\/index.php?rest_route=%2Fwp%2Fv2%2Fpages%2F362&#038;add-to-cart=445\" aria-label=\"Add to cart: &ldquo;Difusor 100 ml&rdquo;\" data-quantity=\"1\" data-product_id=\"445\" data-product_sku=\"\" rel=\"nofollow\" class=\"button wp-block-button__link add_to_cart_button ajax_add_to_cart\">Add to cart<\/a><\/div><\/div><\/li><li class=\"wc-block-grid__product product-grid \">\n\t\t\t\t<div class=\"loop-image-wrap botiga-add-to-cart-button-layout2 botiga-quick-view-button-layout2\">\n\t\t\t\t\t<a href=\"https:\/\/energycandle.tsu.dev.br\/?product=home-spray-70ml\" class=\"wc-block-grid__product-link\" title=\"Add to cart\">\n\t\t\t\t\t\t<div class=\"wc-block-grid__product-image\"><img loading=\"lazy\" decoding=\"async\" width=\"420\" height=\"420\" src=\"https:\/\/energycandle.tsu.dev.br\/wp-content\/uploads\/2026\/02\/home_spray-420x420.jpeg\" class=\"attachment-woocommerce_thumbnail size-woocommerce_thumbnail\" alt=\"Home Spray\" srcset=\"https:\/\/energycandle.tsu.dev.br\/wp-content\/uploads\/2026\/02\/home_spray-420x420.jpeg 420w, https:\/\/energycandle.tsu.dev.br\/wp-content\/uploads\/2026\/02\/home_spray-100x100.jpeg 100w, https:\/\/energycandle.tsu.dev.br\/wp-content\/uploads\/2026\/02\/home_spray-150x150.jpeg 150w\" sizes=\"auto, (max-width: 420px) 100vw, 420px\" \/><\/div>\n\t\t\t\t\t<\/a><span class=\"onsale\">Sale!<\/span>\n\t<a href=\"#\" class=\"button botiga-quick-view-show-on-hover botiga-quick-view botiga-quick-view-layout2\" aria-label=\"Quick view the Home spray 70ml product\" data-product-id=\"441\" data-nonce=\"c40d5411cb\">\n\t\tQuick View\t<\/a>\n\t<\/div><a href=\"https:\/\/energycandle.tsu.dev.br\/?product=home-spray-70ml\" class=\"wc-block-grid__product-link\">\n\t\t\t\t\t<div class=\"wc-block-grid__product-title\">Home spray 70ml<\/div>\n\t\t\t\t<\/a><div class=\"wc-block-grid__product-price price\"><del aria-hidden=\"true\"><span class=\"woocommerce-Price-amount amount\"><span class=\"woocommerce-Price-currencySymbol\">&#082;&#036;<\/span>&nbsp;80,00<\/span><\/del> <span class=\"screen-reader-text\">Original price was: &#082;&#036;&nbsp;80,00.<\/span><ins aria-hidden=\"true\"><span class=\"woocommerce-Price-amount amount\"><span class=\"woocommerce-Price-currencySymbol\">&#082;&#036;<\/span>&nbsp;50,00<\/span><\/ins><span class=\"screen-reader-text\">Current price is: &#082;&#036;&nbsp;50,00.<\/span><\/div><div class=\"wp-block-button wc-block-grid__product-add-to-cart\"><div class=\"loop-button-wrap button-width-auto button-layout2 \"><a href=\"\/index.php?rest_route=%2Fwp%2Fv2%2Fpages%2F362&#038;add-to-cart=441\" aria-label=\"Add to cart: &ldquo;Home spray 70ml&rdquo;\" data-quantity=\"1\" data-product_id=\"441\" data-product_sku=\"\" rel=\"nofollow\" class=\"button wp-block-button__link add_to_cart_button ajax_add_to_cart\">Add to cart<\/a><\/div><\/div><\/li><li class=\"wc-block-grid__product product-grid \">\n\t\t\t\t<div class=\"loop-image-wrap botiga-add-to-cart-button-layout2 botiga-quick-view-button-layout2\">\n\t\t\t\t\t<a href=\"https:\/\/energycandle.tsu.dev.br\/?product=velas-aromaticas\" class=\"wc-block-grid__product-link\" title=\"Add to cart\">\n\t\t\t\t\t\t<div class=\"wc-block-grid__product-image\"><img loading=\"lazy\" decoding=\"async\" width=\"420\" height=\"420\" src=\"https:\/\/energycandle.tsu.dev.br\/wp-content\/uploads\/2026\/02\/vela-420x420.jpeg\" class=\"attachment-woocommerce_thumbnail size-woocommerce_thumbnail\" alt=\"vela arom\u00e1tica\" srcset=\"https:\/\/energycandle.tsu.dev.br\/wp-content\/uploads\/2026\/02\/vela-420x420.jpeg 420w, https:\/\/energycandle.tsu.dev.br\/wp-content\/uploads\/2026\/02\/vela-100x100.jpeg 100w, https:\/\/energycandle.tsu.dev.br\/wp-content\/uploads\/2026\/02\/vela-150x150.jpeg 150w\" sizes=\"auto, (max-width: 420px) 100vw, 420px\" \/><\/div>\n\t\t\t\t\t<\/a><span class=\"onsale\">Sale!<\/span>\n\t<a href=\"#\" class=\"button botiga-quick-view-show-on-hover botiga-quick-view botiga-quick-view-layout2\" aria-label=\"Quick view the Velas Arom\u00e1ticas product\" data-product-id=\"426\" data-nonce=\"c40d5411cb\">\n\t\tQuick View\t<\/a>\n\t<\/div><a href=\"https:\/\/energycandle.tsu.dev.br\/?product=velas-aromaticas\" class=\"wc-block-grid__product-link\">\n\t\t\t\t\t<div class=\"wc-block-grid__product-title\">Velas Arom\u00e1ticas<\/div>\n\t\t\t\t<\/a><div class=\"wc-block-grid__product-price price\"><del aria-hidden=\"true\"><span class=\"woocommerce-Price-amount amount\"><span class=\"woocommerce-Price-currencySymbol\">&#082;&#036;<\/span>&nbsp;80,00<\/span><\/del> <span class=\"screen-reader-text\">Original price was: &#082;&#036;&nbsp;80,00.<\/span><ins aria-hidden=\"true\"><span class=\"woocommerce-Price-amount amount\"><span class=\"woocommerce-Price-currencySymbol\">&#082;&#036;<\/span>&nbsp;50,00<\/span><\/ins><span class=\"screen-reader-text\">Current price is: &#082;&#036;&nbsp;50,00.<\/span><\/div><div class=\"wp-block-button wc-block-grid__product-add-to-cart\"><div class=\"loop-button-wrap button-width-auto button-layout2 \"><a href=\"\/index.php?rest_route=%2Fwp%2Fv2%2Fpages%2F362&#038;add-to-cart=426\" aria-label=\"Add to cart: &ldquo;Velas Arom\u00e1ticas&rdquo;\" data-quantity=\"1\" data-product_id=\"426\" data-product_sku=\"\" rel=\"nofollow\" class=\"button wp-block-button__link add_to_cart_button ajax_add_to_cart\">Add to cart<\/a><\/div><\/div><\/li><\/ul><\/div>\n\n\n<div style=\"height:100px\" aria-hidden=\"true\" class=\"wp-block-spacer\"><\/div>\n\n\n\n<div id=\"athemes-blocks-block-a8420fd6\" class=\"wp-block-athemes-athemes-blocks-block-container athemes-blocks-block athemes-blocks-block-a8420fd6 athemes-blocks-block-container alignfull\"><div class=\"athemes-blocks-block-container-wrapper athemes-blocks-block-container-bg-cover athemes-blocks-block-container-bg-effect-scroll\"><img class=\"athemes-blocks-background-image\" width=\"615\" height=\"410\" srcset=\"https:\/\/energycandle.tsu.dev.br\/wp-content\/uploads\/2026\/02\/Header-e1770235557697-150x150.jpg 150w, https:\/\/energycandle.tsu.dev.br\/wp-content\/uploads\/2026\/02\/Header-e1770235557697-300x200.jpg 300w, https:\/\/energycandle.tsu.dev.br\/wp-content\/uploads\/2026\/02\/Header-e1770235557697.jpg 615w, \" sizes=\"auto, (max-width: 615px) 100vw, 615px\" alt=\"\" loading=\"lazy\"\/><div class=\"athemes-blocks-block-container-wrapper-content\">\n<h3 class=\"wp-block-heading has-text-align-center has-color-0-color has-text-color has-link-color wp-elements-8c9a1d5875d5a4179cc5cc8851c8bcf5\"><font dir=\"auto\" style=\"vertical-align: inherit;\"><font dir=\"auto\" style=\"vertical-align: inherit;\">Produtos feitos com qualidade e excel\u00eancia<\/font><\/font><\/h3>\n\n\n\n<p class=\"has-text-align-center has-color-0-color has-text-color has-link-color wp-elements-5ebb189a626205d81aef28b6b9e8dca5\"><font dir=\"auto\" style=\"vertical-align: inherit;\"><font dir=\"auto\" style=\"vertical-align: inherit;\">A Energy nasceu entre velas acesas, m\u00e3os criativas e o desejo de transformar momentos simples em mem\u00f3rias. <\/font><\/font><br><font dir=\"auto\" style=\"vertical-align: inherit;\"><font dir=\"auto\" style=\"vertical-align: inherit;\">Com o tempo, entendemos que nossas cria\u00e7\u00f5es n\u00e3o s\u00e3o apenas produtos. <\/font><\/font><br><font dir=\"auto\" style=\"vertical-align: inherit;\"><font dir=\"auto\" style=\"vertical-align: inherit;\">S\u00e3o cuidado que se sente, aroma que acolhe, e detalhes que transformam um produto em experi\u00eancias. <\/font><\/font><br><font dir=\"auto\" style=\"vertical-align: inherit;\"><font dir=\"auto\" style=\"vertical-align: inherit;\">Na Energia, nada nasce na prateleira. <\/font><\/font><br><font dir=\"auto\" style=\"vertical-align: inherit;\"><font dir=\"auto\" style=\"vertical-align: inherit;\">Tudo nasce com inten\u00e7\u00e3o, prop\u00f3sito, carinho, tempo e carinho.<\/font><\/font><\/p>\n\n\n\n<div class=\"wp-block-buttons is-horizontal is-content-justification-center is-layout-flex wp-container-core-buttons-is-layout-03627597 wp-block-buttons-is-layout-flex\">\n<div class=\"wp-block-button\"><a class=\"wp-block-button__link wp-element-button\">Ver todos os produtos<\/a><\/div>\n<\/div>\n<\/div><\/div><\/div>\n\n\n\n<h3 class=\"wp-block-heading has-text-align-center\"><font dir=\"auto\" style=\"vertical-align: inherit;\"><font dir=\"auto\" style=\"vertical-align: inherit;\">Categorias<\/font><\/font> de Produtos em Destaque<\/h3>\n\n\n\n<p class=\"has-text-align-center\"><strong>Te ajudamos a escolher o aroma que acompanha o seu momento.<\/strong><\/p>\n\n\n\n<div class=\"wp-block-columns is-layout-flex wp-container-core-columns-is-layout-28f84493 wp-block-columns-is-layout-flex\">\n<div class=\"wp-block-column is-layout-flow wp-block-column-is-layout-flow\"><div class=\"wp-block-image\">\n<figure class=\"aligncenter size-medium\"><img loading=\"lazy\" decoding=\"async\" width=\"300\" height=\"258\" src=\"https:\/\/energycandle.tsu.dev.br\/wp-content\/uploads\/2026\/02\/home_spray-300x258.jpeg\" alt=\"Home Spray\" class=\"wp-image-442\" style=\"aspect-ratio:1;object-fit:cover\" srcset=\"https:\/\/energycandle.tsu.dev.br\/wp-content\/uploads\/2026\/02\/home_spray-300x258.jpeg 300w, https:\/\/energycandle.tsu.dev.br\/wp-content\/uploads\/2026\/02\/home_spray-800x688.jpeg 800w, https:\/\/energycandle.tsu.dev.br\/wp-content\/uploads\/2026\/02\/home_spray-1024x881.jpeg 1024w, https:\/\/energycandle.tsu.dev.br\/wp-content\/uploads\/2026\/02\/home_spray-768x660.jpeg 768w, https:\/\/energycandle.tsu.dev.br\/wp-content\/uploads\/2026\/02\/home_spray-1536x1321.jpeg 1536w, https:\/\/energycandle.tsu.dev.br\/wp-content\/uploads\/2026\/02\/home_spray-1140x980.jpeg 1140w, https:\/\/energycandle.tsu.dev.br\/wp-content\/uploads\/2026\/02\/home_spray-920x791.jpeg 920w, https:\/\/energycandle.tsu.dev.br\/wp-content\/uploads\/2026\/02\/home_spray-575x495.jpeg 575w, https:\/\/energycandle.tsu.dev.br\/wp-content\/uploads\/2026\/02\/home_spray-380x327.jpeg 380w, https:\/\/energycandle.tsu.dev.br\/wp-content\/uploads\/2026\/02\/home_spray-80x69.jpeg 80w, https:\/\/energycandle.tsu.dev.br\/wp-content\/uploads\/2026\/02\/home_spray.jpeg 1600w\" sizes=\"auto, (max-width: 300px) 100vw, 300px\" \/><\/figure>\n<\/div>\n\n\n<p class=\"has-text-align-center\"><a href=\"https:\/\/energycandle.tsu.dev.br\/?product_cat=home-spray\" data-type=\"link\" data-id=\"https:\/\/energycandle.tsu.dev.br\/?product_cat=velas-aromaticas\" target=\"_blank\" rel=\"noreferrer noopener\">Home Spray<\/a><\/p>\n<\/div>\n\n\n\n<div class=\"wp-block-column is-layout-flow wp-block-column-is-layout-flow\"><div class=\"wp-block-image\">\n<figure class=\"aligncenter size-medium\"><img loading=\"lazy\" decoding=\"async\" width=\"300\" height=\"225\" src=\"https:\/\/energycandle.tsu.dev.br\/wp-content\/uploads\/2026\/02\/Difusor-1-300x225.jpeg\" alt=\"\" class=\"wp-image-457\" style=\"aspect-ratio:1;object-fit:cover\"\/><\/figure>\n<\/div>\n\n\n<p class=\"has-text-align-center\"><a href=\"https:\/\/energycandle.tsu.dev.br\/?product_cat=difusor-ambientes\" data-type=\"URL\" data-id=\"https:\/\/demo.athemes.com\/botiga\/product-category\/cosmetics\/\" target=\"_blank\" rel=\"noreferrer noopener\"><font dir=\"auto\" style=\"vertical-align: inherit;\"><font dir=\"auto\" style=\"vertical-align: inherit;\">Difusor de Ambientes<\/font><\/font><\/a><\/p>\n<\/div>\n\n\n\n<div class=\"wp-block-column is-layout-flow wp-block-column-is-layout-flow\"><div class=\"wp-block-image\">\n<figure class=\"aligncenter size-medium\"><img loading=\"lazy\" decoding=\"async\" width=\"300\" height=\"225\" src=\"https:\/\/energycandle.tsu.dev.br\/wp-content\/uploads\/2026\/02\/Sabonete_Liquido-300x225.jpeg\" alt=\"\" class=\"wp-image-447\" style=\"aspect-ratio:1;object-fit:cover\" srcset=\"https:\/\/energycandle.tsu.dev.br\/wp-content\/uploads\/2026\/02\/Sabonete_Liquido-300x225.jpeg 300w, https:\/\/energycandle.tsu.dev.br\/wp-content\/uploads\/2026\/02\/Sabonete_Liquido-800x600.jpeg 800w, https:\/\/energycandle.tsu.dev.br\/wp-content\/uploads\/2026\/02\/Sabonete_Liquido-1024x768.jpeg 1024w, https:\/\/energycandle.tsu.dev.br\/wp-content\/uploads\/2026\/02\/Sabonete_Liquido-768x576.jpeg 768w, https:\/\/energycandle.tsu.dev.br\/wp-content\/uploads\/2026\/02\/Sabonete_Liquido-1536x1152.jpeg 1536w, https:\/\/energycandle.tsu.dev.br\/wp-content\/uploads\/2026\/02\/Sabonete_Liquido-1140x855.jpeg 1140w, https:\/\/energycandle.tsu.dev.br\/wp-content\/uploads\/2026\/02\/Sabonete_Liquido-920x690.jpeg 920w, https:\/\/energycandle.tsu.dev.br\/wp-content\/uploads\/2026\/02\/Sabonete_Liquido-575x431.jpeg 575w, https:\/\/energycandle.tsu.dev.br\/wp-content\/uploads\/2026\/02\/Sabonete_Liquido-380x285.jpeg 380w, https:\/\/energycandle.tsu.dev.br\/wp-content\/uploads\/2026\/02\/Sabonete_Liquido-80x60.jpeg 80w, https:\/\/energycandle.tsu.dev.br\/wp-content\/uploads\/2026\/02\/Sabonete_Liquido.jpeg 1600w\" sizes=\"auto, (max-width: 300px) 100vw, 300px\" \/><\/figure>\n<\/div>\n\n\n<p class=\"has-text-align-center\"><a href=\"https:\/\/energycandle.tsu.dev.br\/?product_cat=sabonetes\" target=\"_blank\" rel=\"noreferrer noopener\"><font dir=\"auto\" style=\"vertical-align: inherit;\"><font dir=\"auto\" style=\"vertical-align: inherit;\">Sabonete Liquido<\/font><\/font><\/a><\/p>\n<\/div>\n\n\n\n<div class=\"wp-block-column is-layout-flow wp-block-column-is-layout-flow\"><div class=\"wp-block-image\">\n<figure class=\"aligncenter size-medium\"><img loading=\"lazy\" decoding=\"async\" width=\"300\" height=\"200\" src=\"https:\/\/energycandle.tsu.dev.br\/wp-content\/uploads\/2026\/02\/Header-e1770235557697-300x200.jpg\" alt=\"\" class=\"wp-image-408\" style=\"aspect-ratio:1;object-fit:cover\" srcset=\"https:\/\/energycandle.tsu.dev.br\/wp-content\/uploads\/2026\/02\/Header-e1770235557697-300x200.jpg 300w, https:\/\/energycandle.tsu.dev.br\/wp-content\/uploads\/2026\/02\/Header-e1770235557697-575x383.jpg 575w, https:\/\/energycandle.tsu.dev.br\/wp-content\/uploads\/2026\/02\/Header-e1770235557697-380x253.jpg 380w, https:\/\/energycandle.tsu.dev.br\/wp-content\/uploads\/2026\/02\/Header-e1770235557697-80x53.jpg 80w, https:\/\/energycandle.tsu.dev.br\/wp-content\/uploads\/2026\/02\/Header-e1770235557697.jpg 615w\" sizes=\"auto, (max-width: 300px) 100vw, 300px\" \/><\/figure>\n<\/div>\n\n\n<p class=\"has-text-align-center\"><a href=\"https:\/\/energycandle.tsu.dev.br\/?product_cat=kit-personalizado\" target=\"_blank\" rel=\"noreferrer noopener\"><font dir=\"auto\" style=\"vertical-align: inherit;\"><font dir=\"auto\" style=\"vertical-align: inherit;\">Kits Personalizados<\/font><\/font><\/a><\/p>\n<\/div>\n<\/div>\n\n\n\n<div style=\"height:90px\" aria-hidden=\"true\" class=\"wp-block-spacer\"><\/div>\n","protected":false},"excerpt":{"rendered":"<p>Produtos em destaque Encontre os melhores produtos que acompanham seu momento. Categorias de Produtos em Destaque Te ajudamos a escolher o aroma que acompanha o seu momento. Home Spray Difusor [&hellip;]<\/p>\n","protected":false},"author":1,"featured_media":0,"parent":0,"menu_order":0,"comment_status":"closed","ping_status":"closed","template":"","meta":{"footnotes":""},"class_list":["post-362","page","type-page","status-publish","hentry"],"_links":{"self":[{"href":"https:\/\/energycandle.tsu.dev.br\/index.php?rest_route=\/wp\/v2\/pages\/362","targetHints":{"allow":["GET"]}}],"collection":[{"href":"https:\/\/energycandle.tsu.dev.br\/index.php?rest_route=\/wp\/v2\/pages"}],"about":[{"href":"https:\/\/energycandle.tsu.dev.br\/index.php?rest_route=\/wp\/v2\/types\/page"}],"author":[{"embeddable":true,"href":"https:\/\/energycandle.tsu.dev.br\/index.php?rest_route=\/wp\/v2\/users\/1"}],"replies":[{"embeddable":true,"href":"https:\/\/energycandle.tsu.dev.br\/index.php?rest_route=%2Fwp%2Fv2%2Fcomments&post=362"}],"version-history":[{"count":5,"href":"https:\/\/energycandle.tsu.dev.br\/index.php?rest_route=\/wp\/v2\/pages\/362\/revisions"}],"predecessor-version":[{"id":480,"href":"https:\/\/energycandle.tsu.dev.br\/index.php?rest_route=\/wp\/v2\/pages\/362\/revisions\/480"}],"wp:attachment":[{"href":"https:\/\/energycandle.tsu.dev.br\/index.php?rest_route=%2Fwp%2Fv2%2Fmedia&parent=362"}],"curies":[{"name":"wp","href":"https:\/\/api.w.org\/{rel}","templated":true}]}}