{"id":445,"date":"2026-02-08T17:42:20","date_gmt":"2026-02-08T17:42:20","guid":{"rendered":"https:\/\/energycandle.tsu.dev.br\/?post_type=product&#038;p=445"},"modified":"2026-02-08T17:42:20","modified_gmt":"2026-02-08T17:42:20","slug":"difusor-100-ml","status":"publish","type":"product","link":"https:\/\/energycandle.tsu.dev.br\/?product=difusor-100-ml","title":{"rendered":"Difusor 100 ml"},"content":{"rendered":"<p class=\"cvGsUA direction-ltr align-justify para-style-body\"><strong><span class=\"a_GcMg font-feature-liga-off font-feature-clig-off font-feature-calt-off text-decoration-none text-strikethrough-none\">O difusor de ambientes decora e perfuma de forma cont\u00ednua.<\/span><\/strong><\/p>\n<p class=\"cvGsUA direction-ltr align-justify para-style-body\"><span class=\"a_GcMg font-feature-liga-off font-feature-clig-off font-feature-calt-off text-decoration-none text-strikethrough-none\">Seu aroma se espalha suavemente, criando uma experi\u00eancia que transforma o ambiente com leveza, eleg\u00e2ncia e sofistica\u00e7\u00e3o.<\/span><\/p>\n<p class=\"cvGsUA direction-ltr align-justify para-style-body\"><span class=\"a_GcMg font-feature-liga-off font-feature-clig-off font-feature-calt-off text-decoration-none text-strikethrough-none\">Um cuidado que permanece no ar, todos os dias.<\/span><\/p>\n<p class=\"cvGsUA direction-ltr align-justify para-style-body\"><span class=\"a_GcMg font-feature-liga-off font-feature-clig-off font-feature-calt-off text-decoration-none text-strikethrough-none\">Sem necessidade de reaplica\u00e7\u00e3o.<\/span><\/p>\n<p class=\"cvGsUA direction-ltr align-justify para-style-body\"><span class=\"a_GcMg font-feature-liga-off font-feature-clig-off font-feature-calt-off text-decoration-none text-strikethrough-none\">Aroma constante, sem picos fortes.<\/span><\/p>\n<p class=\"cvGsUA direction-ltr align-justify para-style-body\"><span class=\"a_GcMg font-feature-liga-off font-feature-clig-off font-feature-calt-off text-decoration-none text-strikethrough-none\">Ideal para quem gosta do ambiente sempre perfumado.<\/span><\/p>\n","protected":false},"excerpt":{"rendered":"<p>O difusor de ambientes decora e perfuma de forma cont\u00ednua. Seu aroma se espalha suavemente, criando uma experi\u00eancia que transforma o ambiente com leveza, eleg\u00e2ncia e sofistica\u00e7\u00e3o. Um cuidado que [&hellip;]<\/p>\n","protected":false},"featured_media":448,"comment_status":"open","ping_status":"closed","template":"","meta":[],"product_brand":[],"product_cat":[21],"product_tag":[],"class_list":{"0":"post-445","1":"product","2":"type-product","3":"status-publish","4":"has-post-thumbnail","6":"product_cat-difusor-ambientes","8":"first","9":"instock","10":"shipping-taxable","11":"purchasable","12":"product-type-simple"},"_links":{"self":[{"href":"https:\/\/energycandle.tsu.dev.br\/index.php?rest_route=\/wp\/v2\/product\/445","targetHints":{"allow":["GET"]}}],"collection":[{"href":"https:\/\/energycandle.tsu.dev.br\/index.php?rest_route=\/wp\/v2\/product"}],"about":[{"href":"https:\/\/energycandle.tsu.dev.br\/index.php?rest_route=\/wp\/v2\/types\/product"}],"replies":[{"embeddable":true,"href":"https:\/\/energycandle.tsu.dev.br\/index.php?rest_route=%2Fwp%2Fv2%2Fcomments&post=445"}],"wp:featuredmedia":[{"embeddable":true,"href":"https:\/\/energycandle.tsu.dev.br\/index.php?rest_route=\/wp\/v2\/media\/448"}],"wp:attachment":[{"href":"https:\/\/energycandle.tsu.dev.br\/index.php?rest_route=%2Fwp%2Fv2%2Fmedia&parent=445"}],"wp:term":[{"taxonomy":"product_brand","embeddable":true,"href":"https:\/\/energycandle.tsu.dev.br\/index.php?rest_route=%2Fwp%2Fv2%2Fproduct_brand&post=445"},{"taxonomy":"product_cat","embeddable":true,"href":"https:\/\/energycandle.tsu.dev.br\/index.php?rest_route=%2Fwp%2Fv2%2Fproduct_cat&post=445"},{"taxonomy":"product_tag","embeddable":true,"href":"https:\/\/energycandle.tsu.dev.br\/index.php?rest_route=%2Fwp%2Fv2%2Fproduct_tag&post=445"}],"curies":[{"name":"wp","href":"https:\/\/api.w.org\/{rel}","templated":true}]}}